{"id":1276,"date":"2024-05-20T22:34:54","date_gmt":"2024-05-20T22:34:54","guid":{"rendered":"https:\/\/clicksoft.com.mx\/?page_id=1276"},"modified":"2024-05-20T22:49:03","modified_gmt":"2024-05-20T22:49:03","slug":"politica-de-terminos-y-condiciones","status":"publish","type":"page","link":"https:\/\/clicksoft.com.mx\/en\/politica-de-terminos-y-condiciones\/","title":{"rendered":"Pol\u00edtica de t\u00e9rminos y condiciones"},"content":{"rendered":"<p><strong>Recogida y tratamiento de sus datos personales<\/strong><\/p>\n\n\n\n<p class=\"has-text-align-left\">Al proporcionar tus Datos personales por escrito, a trav\u00e9s de una solicitud, formato en papel, formato digital, correo<br>electr\u00f3nico o cualquier otro documento, aceptas y autorizas a Centro de Soluciones de Integraci\u00f3n de Datos y Desarrollo<br>de Aplicaciones para la Industria de TI S.A de C.V a operar y tratar de forma automat\u0131zada tus datos personales e<br>informaci\u00f3n suministrada, la cual formara parte de nuestra base de datos con la finalidad de usarlos, en forma enunciativa,<br>m\u00e1s no limitativa, para : identificarte, ubicarte, comunicarte, contactarte, enviarte informaci\u00f3n, as\u00ed como para enviarlos y\/o<br>transferirlos a terceros dentro y fuera del territorio nacional, por cualquier medio que permita la ley para cumplir con<br>nuestros fines sociales.<\/p>\n\n\n\n<p><\/p>","protected":false},"excerpt":{"rendered":"<p>Recogida y tratamiento de sus datos personales Al proporcionar tus Datos personales por escrito, a trav\u00e9s de una solicitud, formato en papel, formato digital, correoelectr\u00f3nico o cualquier otro documento, aceptas y autorizas a Centro de Soluciones de Integraci\u00f3n de Datos y Desarrollode Aplicaciones para la Industria de TI S.A de C.V a operar y tratar [&hellip;]<\/p>","protected":false},"author":1,"featured_media":0,"parent":0,"menu_order":0,"comment_status":"closed","ping_status":"closed","template":"","meta":{"_uag_custom_page_level_css":"","site-sidebar-layout":"default","site-content-layout":"","ast-site-content-layout":"","site-content-style":"default","site-sidebar-style":"default","ast-global-header-display":"","ast-banner-title-visibility":"","ast-main-header-display":"","ast-hfb-above-header-display":"","ast-hfb-below-header-display":"","ast-hfb-mobile-header-display":"","site-post-title":"","ast-breadcrumbs-content":"","ast-featured-img":"","footer-sml-layout":"","theme-transparent-header-meta":"","adv-header-id-meta":"","stick-header-meta":"","header-above-stick-meta":"","header-main-stick-meta":"","header-below-stick-meta":"","astra-migrate-meta-layouts":"default","ast-page-background-enabled":"default","ast-page-background-meta":{"desktop":{"background-color":"var(--ast-global-color-4)","background-image":"","background-repeat":"repeat","background-position":"center center","background-size":"auto","background-attachment":"scroll","background-type":"","background-media":"","overlay-type":"","overlay-color":"","overlay-opacity":"","overlay-gradient":""},"tablet":{"background-color":"","background-image":"","background-repeat":"repeat","background-position":"center center","background-size":"auto","background-attachment":"scroll","background-type":"","background-media":"","overlay-type":"","overlay-color":"","overlay-opacity":"","overlay-gradient":""},"mobile":{"background-color":"","background-image":"","background-repeat":"repeat","background-position":"center center","background-size":"auto","background-attachment":"scroll","background-type":"","background-media":"","overlay-type":"","overlay-color":"","overlay-opacity":"","overlay-gradient":""}},"ast-content-background-meta":{"desktop":{"background-color":"var(--ast-global-color-5)","background-image":"","background-repeat":"repeat","background-position":"center center","background-size":"auto","background-attachment":"scroll","background-type":"","background-media":"","overlay-type":"","overlay-color":"","overlay-opacity":"","overlay-gradient":""},"tablet":{"background-color":"var(--ast-global-color-5)","background-image":"","background-repeat":"repeat","background-position":"center center","background-size":"auto","background-attachment":"scroll","background-type":"","background-media":"","overlay-type":"","overlay-color":"","overlay-opacity":"","overlay-gradient":""},"mobile":{"background-color":"var(--ast-global-color-5)","background-image":"","background-repeat":"repeat","background-position":"center center","background-size":"auto","background-attachment":"scroll","background-type":"","background-media":"","overlay-type":"","overlay-color":"","overlay-opacity":"","overlay-gradient":""}},"footnotes":""},"class_list":["post-1276","page","type-page","status-publish","hentry"],"uagb_featured_image_src":{"full":false,"thumbnail":false,"medium":false,"medium_large":false,"large":false,"1536x1536":false,"2048x2048":false,"trp-custom-language-flag":false},"uagb_author_info":{"display_name":"User1_acg","author_link":"https:\/\/clicksoft.com.mx\/en\/author\/user1_acg\/"},"uagb_comment_info":0,"uagb_excerpt":"Recogida y tratamiento de sus datos personales Al proporcionar tus Datos personales por escrito, a trav\u00e9s de una solicitud, formato en papel, formato digital, correoelectr\u00f3nico o cualquier otro documento, aceptas y autorizas a Centro de Soluciones de Integraci\u00f3n de Datos y Desarrollode Aplicaciones para la Industria de TI S.A de C.V a operar y tratar&hellip;","_links":{"self":[{"href":"https:\/\/clicksoft.com.mx\/en\/wp-json\/wp\/v2\/pages\/1276","targetHints":{"allow":["GET"]}}],"collection":[{"href":"https:\/\/clicksoft.com.mx\/en\/wp-json\/wp\/v2\/pages"}],"about":[{"href":"https:\/\/clicksoft.com.mx\/en\/wp-json\/wp\/v2\/types\/page"}],"author":[{"embeddable":true,"href":"https:\/\/clicksoft.com.mx\/en\/wp-json\/wp\/v2\/users\/1"}],"replies":[{"embeddable":true,"href":"https:\/\/clicksoft.com.mx\/en\/wp-json\/wp\/v2\/comments?post=1276"}],"version-history":[{"count":2,"href":"https:\/\/clicksoft.com.mx\/en\/wp-json\/wp\/v2\/pages\/1276\/revisions"}],"predecessor-version":[{"id":1280,"href":"https:\/\/clicksoft.com.mx\/en\/wp-json\/wp\/v2\/pages\/1276\/revisions\/1280"}],"wp:attachment":[{"href":"https:\/\/clicksoft.com.mx\/en\/wp-json\/wp\/v2\/media?parent=1276"}],"curies":[{"name":"wp","href":"https:\/\/api.w.org\/{rel}","templated":true}]}}